{"id":16,"date":"2026-02-17T01:21:03","date_gmt":"2026-02-17T01:21:03","guid":{"rendered":"https:\/\/tostydiversion.com\/?page_id=16"},"modified":"2026-04-14T18:36:43","modified_gmt":"2026-04-14T18:36:43","slug":"historia","status":"publish","type":"page","link":"https:\/\/tostydiversion.com\/historia\/","title":{"rendered":"Historia"},"content":{"rendered":"<div class=\"fusion-fullwidth fullwidth-box fusion-builder-row-1 fusion-flex-container has-pattern-background has-mask-background fusion-parallax-none nonhundred-percent-fullwidth non-hundred-percent-height-scrolling\" style=\"--awb-background-position:center top;--awb-border-radius-top-left:0px;--awb-border-radius-top-right:0px;--awb-border-radius-bottom-right:0px;--awb-border-radius-bottom-left:0px;--awb-background-image:url(&quot;https:\/\/tostydiversion.com\/wp-content\/uploads\/2026\/02\/bg-historia-scaled.jpg&quot;);--awb-background-size:cover;--awb-flex-wrap:wrap;\" ><div class=\"fusion-builder-row fusion-row fusion-flex-align-items-flex-start fusion-flex-content-wrap\" style=\"max-width:1248px;margin-left: calc(-4% \/ 2 );margin-right: calc(-4% \/ 2 );\"><div class=\"fusion-layout-column fusion_builder_column fusion-builder-column-0 fusion_builder_column_1_1 1_1 fusion-flex-column\" style=\"--awb-bg-size:cover;--awb-width-large:100%;--awb-margin-top-large:0px;--awb-spacing-right-large:1.92%;--awb-margin-bottom-large:20px;--awb-spacing-left-large:1.92%;--awb-width-medium:100%;--awb-order-medium:0;--awb-spacing-right-medium:1.92%;--awb-spacing-left-medium:1.92%;--awb-width-small:100%;--awb-order-small:0;--awb-spacing-right-small:1.92%;--awb-spacing-left-small:1.92%;\" id=\"titleHistory\" data-scroll-devices=\"small-visibility,medium-visibility,large-visibility\"><div class=\"fusion-column-wrapper fusion-column-has-shadow fusion-flex-justify-content-flex-start fusion-content-layout-column\"><div class=\"fusion-title title fusion-title-1 fusion-sep-none fusion-title-text fusion-title-size-two fusion-animated homeTITLE_Tosty\" style=\"--awb-text-color:var(--awb-color4);--awb-margin-top-small:10px;--awb-margin-right-small:0px;--awb-margin-bottom-small:10px;--awb-margin-left-small:0px;--awb-font-size:3.2em;\" data-animationType=\"bounceInDown\" data-animationDuration=\"0.3\" data-animationOffset=\"top-into-view\"><h2 class=\"fusion-title-heading title-heading-left\" style=\"font-family:&quot;Dimbo&quot;;font-style:normal;font-weight:400;margin:0;font-size:1em;\">HISTORIA<\/h2><\/div><div class=\"fusion-title title fusion-title-2 fusion-sep-none fusion-title-text fusion-title-size-three fusion-animated homeTITLE_Tosty\" style=\"--awb-text-color:var(--awb-color4);--awb-margin-top-small:10px;--awb-margin-right-small:0px;--awb-margin-bottom-small:10px;--awb-margin-left-small:0px;--awb-font-size:2em;\" data-animationType=\"bounceInRight\" data-animationDuration=\"0.3\" data-animationOffset=\"top-into-view\"><h3 class=\"fusion-title-heading title-heading-left\" style=\"font-family:&quot;Dimbo&quot;;font-style:normal;font-weight:400;margin:0;font-size:1em;\">DE<\/h3><\/div><div class=\"fusion-image-element \" style=\"--awb-max-width:350px;--awb-caption-title-font-family:var(--h2_typography-font-family);--awb-caption-title-font-weight:var(--h2_typography-font-weight);--awb-caption-title-font-style:var(--h2_typography-font-style);--awb-caption-title-size:var(--h2_typography-font-size);--awb-caption-title-transform:var(--h2_typography-text-transform);--awb-caption-title-line-height:var(--h2_typography-line-height);--awb-caption-title-letter-spacing:var(--h2_typography-letter-spacing);\"><span class=\" fusion-imageframe imageframe-none imageframe-1 hover-type-none logoTosty fusion-animated\" id=\"logoHistoria\" data-animationType=\"bounceInUp\" data-animationDuration=\"0.3\" data-animationOffset=\"top-into-view\"><img decoding=\"async\" width=\"459\" height=\"313\" title=\"logo-tosty\" src=\"https:\/\/tostydiversion.com\/wp-content\/uploads\/2026\/02\/logo-tosty.svg\" alt class=\"img-responsive wp-image-251\"\/><\/span><\/div><\/div><\/div><div class=\"fusion-layout-column fusion_builder_column fusion-builder-column-1 fusion_builder_column_1_2 1_2 fusion-flex-column\" style=\"--awb-bg-size:cover;--awb-width-large:50%;--awb-margin-top-large:0px;--awb-spacing-right-large:3.84%;--awb-margin-bottom-large:20px;--awb-spacing-left-large:3.84%;--awb-width-medium:50%;--awb-order-medium:0;--awb-spacing-right-medium:3.84%;--awb-spacing-left-medium:3.84%;--awb-width-small:100%;--awb-order-small:0;--awb-spacing-right-small:1.92%;--awb-spacing-left-small:1.92%;\"><div class=\"fusion-column-wrapper fusion-column-has-shadow fusion-flex-justify-content-flex-start fusion-content-layout-column\"><div class=\"fusion-image-element \" style=\"text-align:right;--awb-max-width:400px;--awb-caption-title-font-family:var(--h2_typography-font-family);--awb-caption-title-font-weight:var(--h2_typography-font-weight);--awb-caption-title-font-style:var(--h2_typography-font-style);--awb-caption-title-size:var(--h2_typography-font-size);--awb-caption-title-transform:var(--h2_typography-text-transform);--awb-caption-title-line-height:var(--h2_typography-line-height);--awb-caption-title-letter-spacing:var(--h2_typography-letter-spacing);\"><span class=\" fusion-imageframe imageframe-none imageframe-2 hover-type-none fusion-animated\" data-animationType=\"zoomInLeft\" data-animationDuration=\"1.0\" data-animationOffset=\"top-into-view\"><img decoding=\"async\" width=\"518\" height=\"621\" title=\"lagar\" src=\"https:\/\/tostydiversion.com\/wp-content\/uploads\/2026\/02\/lagar.svg\" alt class=\"img-responsive wp-image-167\"\/><\/span><\/div><\/div><\/div><div class=\"fusion-layout-column fusion_builder_column fusion-builder-column-2 fusion_builder_column_1_2 1_2 fusion-flex-column\" style=\"--awb-bg-size:cover;--awb-width-large:50%;--awb-margin-top-large:0px;--awb-spacing-right-large:3.84%;--awb-margin-bottom-large:20px;--awb-spacing-left-large:3.84%;--awb-width-medium:50%;--awb-order-medium:0;--awb-spacing-right-medium:3.84%;--awb-spacing-left-medium:3.84%;--awb-width-small:100%;--awb-order-small:0;--awb-spacing-right-small:1.92%;--awb-spacing-left-small:1.92%;\"><div class=\"fusion-column-wrapper fusion-column-has-shadow fusion-flex-justify-content-flex-start fusion-content-layout-column\"><div class=\"fusion-title title fusion-title-3 fusion-sep-none fusion-title-text fusion-title-size-four fusion-animated BlockYear_History RotRight\" style=\"--awb-text-color:#fff5d0;--awb-margin-top-small:10px;--awb-margin-right-small:0px;--awb-margin-bottom-small:10px;--awb-margin-left-small:0px;\" data-animationType=\"lightspeedin\" data-animationDuration=\"1.0\" data-animationOffset=\"top-into-view\"><h4 class=\"fusion-title-heading title-heading-left\" style=\"font-family:&quot;Dimbo&quot;;font-style:normal;font-weight:400;margin:0;\">1979:<\/h4><\/div><div class=\"fusion-text fusion-text-1 fusion-animated BlockText_History\" style=\"--awb-text-color:#73431e;--awb-text-font-family:&quot;Dimbo&quot;;--awb-text-font-style:normal;--awb-text-font-weight:400;\" data-animationType=\"fadeInRight\" data-animationDuration=\"2.0\" data-animationOffset=\"top-into-view\"><h5>Tosty nace en Costa Rica<\/h5>\n<p>GRUMA Centroam\u00e9rica lanza al mercado costarricense un portafolio de snacks bajo la marca Tosty. Desde el inicio, la marca se conecta con la gente a trav\u00e9s del sabor, la cercan\u00eda y la diversi\u00f3n. Aqu\u00ed el Lagarto aparece por primera vez, joven, curioso, arrancando la historia.<\/p>\n<\/div><\/div><\/div><div class=\"fusion-layout-column fusion_builder_column fusion-builder-column-3 fusion_builder_column_1_1 1_1 fusion-flex-column\" style=\"--awb-bg-size:cover;--awb-width-large:100%;--awb-margin-top-large:0px;--awb-spacing-right-large:1.92%;--awb-margin-bottom-large:20px;--awb-spacing-left-large:1.92%;--awb-width-medium:100%;--awb-order-medium:0;--awb-spacing-right-medium:1.92%;--awb-spacing-left-medium:1.92%;--awb-width-small:100%;--awb-order-small:0;--awb-spacing-right-small:1.92%;--awb-spacing-left-small:1.92%;\"><div class=\"fusion-column-wrapper fusion-column-has-shadow fusion-flex-justify-content-flex-start fusion-content-layout-column\"><div class=\"fusion-separator fusion-full-width-sep\" style=\"align-self: center;margin-left: auto;margin-right: auto;width:100%;\"><\/div><\/div><\/div><div class=\"fusion-layout-column fusion_builder_column fusion-builder-column-4 fusion_builder_column_1_2 1_2 fusion-flex-column\" style=\"--awb-bg-size:cover;--awb-width-large:50%;--awb-margin-top-large:0px;--awb-spacing-right-large:3.84%;--awb-margin-bottom-large:20px;--awb-spacing-left-large:3.84%;--awb-width-medium:50%;--awb-order-medium:0;--awb-spacing-right-medium:3.84%;--awb-spacing-left-medium:3.84%;--awb-width-small:100%;--awb-order-small:0;--awb-spacing-right-small:1.92%;--awb-spacing-left-small:1.92%;\"><div class=\"fusion-column-wrapper fusion-column-has-shadow fusion-flex-justify-content-flex-start fusion-content-layout-column\"><div class=\"fusion-title title fusion-title-4 fusion-sep-none fusion-title-text fusion-title-size-four fusion-animated BlockYear_History RotLeft\" style=\"--awb-text-color:#fff5d0;--awb-margin-top-small:10px;--awb-margin-right-small:0px;--awb-margin-bottom-small:10px;--awb-margin-left-small:0px;\" data-animationType=\"lightspeedin\" data-animationDuration=\"1.0\" data-animationOffset=\"top-into-view\"><h4 class=\"fusion-title-heading title-heading-left\" style=\"font-family:&quot;Dimbo&quot;;font-style:normal;font-weight:400;margin:0;\">1980-90:<\/h4><\/div><div class=\"fusion-text fusion-text-2 fusion-animated BlockText_History\" style=\"--awb-text-color:#73431e;--awb-text-font-family:&quot;Dimbo&quot;;--awb-text-font-style:normal;--awb-text-font-weight:400;\" data-animationType=\"fadeInLeft\" data-animationDuration=\"2.0\" data-animationOffset=\"top-into-view\"><h5>Tosty se vuelve sabor y diversi\u00f3n.<\/h5>\n<p>Durante estas d\u00e9cadas, Tosty empieza a hacerse conocida por mucho m\u00e1s que sus productos. Juegos, coleccionables, anuncios memorables y personajes ic\u00f3nicos convierten a la marca en parte del d\u00eda a d\u00eda de varias generaciones. El Lagarto se vuelve protagonista, m\u00e1s expresivo, m\u00e1s presente en la cultura popular.<\/p>\n<\/div><\/div><\/div><div class=\"fusion-layout-column fusion_builder_column fusion-builder-column-5 fusion_builder_column_1_2 1_2 fusion-flex-column\" style=\"--awb-bg-size:cover;--awb-width-large:50%;--awb-margin-top-large:0px;--awb-spacing-right-large:3.84%;--awb-margin-bottom-large:20px;--awb-spacing-left-large:3.84%;--awb-width-medium:50%;--awb-order-medium:0;--awb-spacing-right-medium:3.84%;--awb-spacing-left-medium:3.84%;--awb-width-small:100%;--awb-order-small:0;--awb-spacing-right-small:1.92%;--awb-spacing-left-small:1.92%;\"><div class=\"fusion-column-wrapper fusion-column-has-shadow fusion-flex-justify-content-flex-start fusion-content-layout-column\"><div class=\"fusion-image-element \" style=\"--awb-caption-title-font-family:var(--h2_typography-font-family);--awb-caption-title-font-weight:var(--h2_typography-font-weight);--awb-caption-title-font-style:var(--h2_typography-font-style);--awb-caption-title-size:var(--h2_typography-font-size);--awb-caption-title-transform:var(--h2_typography-text-transform);--awb-caption-title-line-height:var(--h2_typography-line-height);--awb-caption-title-letter-spacing:var(--h2_typography-letter-spacing);\"><span class=\" fusion-imageframe imageframe-none imageframe-3 hover-type-none prodsSecImg2 fusion-animated\" data-animationType=\"zoomInRight\" data-animationDuration=\"1.0\" data-animationOffset=\"top-into-view\"><img decoding=\"async\" width=\"2560\" height=\"2016\" title=\"pack\" src=\"https:\/\/tostydiversion.com\/wp-content\/uploads\/2026\/02\/pack-scaled.png\" alt class=\"img-responsive wp-image-183\" srcset=\"https:\/\/tostydiversion.com\/wp-content\/uploads\/2026\/02\/pack-200x158.png 200w, https:\/\/tostydiversion.com\/wp-content\/uploads\/2026\/02\/pack-400x315.png 400w, https:\/\/tostydiversion.com\/wp-content\/uploads\/2026\/02\/pack-600x473.png 600w, https:\/\/tostydiversion.com\/wp-content\/uploads\/2026\/02\/pack-800x630.png 800w, https:\/\/tostydiversion.com\/wp-content\/uploads\/2026\/02\/pack-1200x945.png 1200w, https:\/\/tostydiversion.com\/wp-content\/uploads\/2026\/02\/pack-scaled.png 2560w\" sizes=\"(max-width: 640px) 100vw, 600px\" \/><\/span><\/div><\/div><\/div><div class=\"fusion-layout-column fusion_builder_column fusion-builder-column-6 fusion_builder_column_1_1 1_1 fusion-flex-column\" style=\"--awb-bg-size:cover;--awb-width-large:100%;--awb-margin-top-large:0px;--awb-spacing-right-large:1.92%;--awb-margin-bottom-large:20px;--awb-spacing-left-large:1.92%;--awb-width-medium:100%;--awb-order-medium:0;--awb-spacing-right-medium:1.92%;--awb-spacing-left-medium:1.92%;--awb-width-small:100%;--awb-order-small:0;--awb-spacing-right-small:1.92%;--awb-spacing-left-small:1.92%;\"><div class=\"fusion-column-wrapper fusion-column-has-shadow fusion-flex-justify-content-flex-start fusion-content-layout-column\"><div class=\"fusion-separator fusion-full-width-sep\" style=\"align-self: center;margin-left: auto;margin-right: auto;width:100%;\"><\/div><\/div><\/div><div class=\"fusion-layout-column fusion_builder_column fusion-builder-column-7 fusion_builder_column_1_2 1_2 fusion-flex-column\" style=\"--awb-padding-top:50px;--awb-padding-bottom:50px;--awb-bg-position:left bottom;--awb-bg-size:85%;--awb-width-large:50%;--awb-margin-top-large:0px;--awb-spacing-right-large:3.84%;--awb-margin-bottom-large:20px;--awb-spacing-left-large:3.84%;--awb-width-medium:50%;--awb-order-medium:0;--awb-spacing-right-medium:3.84%;--awb-spacing-left-medium:3.84%;--awb-width-small:100%;--awb-order-small:0;--awb-spacing-right-small:1.92%;--awb-spacing-left-small:1.92%;\" data-scroll-devices=\"small-visibility,medium-visibility,large-visibility\"><div class=\"fusion-column-wrapper fusion-column-has-shadow fusion-flex-justify-content-flex-start fusion-content-layout-column\"><div class=\"fusion-image-element \" style=\"--awb-caption-title-font-family:var(--h2_typography-font-family);--awb-caption-title-font-weight:var(--h2_typography-font-weight);--awb-caption-title-font-style:var(--h2_typography-font-style);--awb-caption-title-size:var(--h2_typography-font-size);--awb-caption-title-transform:var(--h2_typography-text-transform);--awb-caption-title-line-height:var(--h2_typography-line-height);--awb-caption-title-letter-spacing:var(--h2_typography-letter-spacing);\"><span class=\" fusion-imageframe imageframe-none imageframe-4 hover-type-none fusion-animated\" data-animationType=\"fadeInLeft\" data-animationDuration=\"1.0\" data-animationOffset=\"top-into-view\"><img decoding=\"async\" width=\"1075\" height=\"847\" title=\"Artboard 6\" src=\"https:\/\/tostydiversion.com\/wp-content\/uploads\/2026\/04\/Artboard-6.png\" alt class=\"img-responsive wp-image-864\" srcset=\"https:\/\/tostydiversion.com\/wp-content\/uploads\/2026\/04\/Artboard-6-200x158.png 200w, https:\/\/tostydiversion.com\/wp-content\/uploads\/2026\/04\/Artboard-6-400x315.png 400w, https:\/\/tostydiversion.com\/wp-content\/uploads\/2026\/04\/Artboard-6-600x473.png 600w, https:\/\/tostydiversion.com\/wp-content\/uploads\/2026\/04\/Artboard-6-800x630.png 800w, https:\/\/tostydiversion.com\/wp-content\/uploads\/2026\/04\/Artboard-6.png 1075w\" sizes=\"(max-width: 640px) 100vw, 600px\" \/><\/span><\/div><\/div><\/div><div class=\"fusion-layout-column fusion_builder_column fusion-builder-column-8 fusion_builder_column_1_2 1_2 fusion-flex-column\" style=\"--awb-bg-size:cover;--awb-width-large:50%;--awb-margin-top-large:0px;--awb-spacing-right-large:3.84%;--awb-margin-bottom-large:20px;--awb-spacing-left-large:3.84%;--awb-width-medium:50%;--awb-order-medium:0;--awb-spacing-right-medium:3.84%;--awb-spacing-left-medium:3.84%;--awb-width-small:100%;--awb-order-small:0;--awb-spacing-right-small:1.92%;--awb-spacing-left-small:1.92%;\"><div class=\"fusion-column-wrapper fusion-column-has-shadow fusion-flex-justify-content-flex-start fusion-content-layout-column\"><div class=\"fusion-title title fusion-title-5 fusion-sep-none fusion-title-text fusion-title-size-four fusion-animated BlockYear_History RotRight\" style=\"--awb-text-color:#fff5d0;--awb-margin-top-small:10px;--awb-margin-right-small:0px;--awb-margin-bottom-small:10px;--awb-margin-left-small:0px;\" data-animationType=\"lightspeedin\" data-animationDuration=\"1.0\" data-animationOffset=\"top-into-view\"><h4 class=\"fusion-title-heading title-heading-left\" style=\"font-family:&quot;Dimbo&quot;;font-style:normal;font-weight:400;margin:0;\">2000:<\/h4><\/div><div class=\"fusion-text fusion-text-3 fusion-animated BlockText_History\" style=\"--awb-text-color:#73431e;--awb-text-font-family:&quot;Dimbo&quot;;--awb-text-font-style:normal;--awb-text-font-weight:400;\" data-animationType=\"fadeInRight\" data-animationDuration=\"2.0\" data-animationOffset=\"top-into-view\"><h5>El portafolio crece, m\u00e1s sabores, m\u00e1s momentos.<\/h5>\n<p>Con la llegada de nuevas tecnolog\u00edas e innovaci\u00f3n constante, Tosty ampl\u00eda su portafolio para adaptarse a distintos gustos, estilos de vida y momentos de consumo, manteni\u00e9ndose siempre vigente. El Lagarto evoluciona: m\u00e1s activo, m\u00e1s moderno, acompa\u00f1ando nuevos productos.<\/p>\n<\/div><\/div><\/div><div class=\"fusion-layout-column fusion_builder_column fusion-builder-column-9 fusion_builder_column_1_1 1_1 fusion-flex-column\" style=\"--awb-bg-size:cover;--awb-width-large:100%;--awb-margin-top-large:0px;--awb-spacing-right-large:1.92%;--awb-margin-bottom-large:20px;--awb-spacing-left-large:1.92%;--awb-width-medium:100%;--awb-order-medium:0;--awb-spacing-right-medium:1.92%;--awb-spacing-left-medium:1.92%;--awb-width-small:100%;--awb-order-small:0;--awb-spacing-right-small:1.92%;--awb-spacing-left-small:1.92%;\"><div class=\"fusion-column-wrapper fusion-column-has-shadow fusion-flex-justify-content-flex-start fusion-content-layout-column\"><div class=\"fusion-separator fusion-full-width-sep\" style=\"align-self: center;margin-left: auto;margin-right: auto;width:100%;\"><\/div><\/div><\/div><div class=\"fusion-layout-column fusion_builder_column fusion-builder-column-10 fusion_builder_column_1_2 1_2 fusion-flex-column\" style=\"--awb-bg-size:cover;--awb-width-large:50%;--awb-margin-top-large:0px;--awb-spacing-right-large:3.84%;--awb-margin-bottom-large:20px;--awb-spacing-left-large:3.84%;--awb-width-medium:50%;--awb-order-medium:0;--awb-spacing-right-medium:3.84%;--awb-spacing-left-medium:3.84%;--awb-width-small:100%;--awb-order-small:0;--awb-spacing-right-small:1.92%;--awb-spacing-left-small:1.92%;\"><div class=\"fusion-column-wrapper fusion-column-has-shadow fusion-flex-justify-content-flex-start fusion-content-layout-column\"><div class=\"fusion-title title fusion-title-6 fusion-sep-none fusion-title-text fusion-title-size-four fusion-animated BlockYear_History RotLeft\" style=\"--awb-text-color:#fff5d0;--awb-margin-top-small:10px;--awb-margin-right-small:0px;--awb-margin-bottom-small:10px;--awb-margin-left-small:0px;\" data-animationType=\"lightspeedin\" data-animationDuration=\"1.0\" data-animationOffset=\"top-into-view\"><h4 class=\"fusion-title-heading title-heading-left\" style=\"font-family:&quot;Dimbo&quot;;font-style:normal;font-weight:400;margin:0;\">2025:<\/h4><\/div><div class=\"fusion-text fusion-text-4 fusion-animated BlockText_History\" style=\"--awb-text-color:#73431e;--awb-text-font-family:&quot;Dimbo&quot;;--awb-text-font-style:normal;--awb-text-font-weight:400;\" data-animationType=\"fadeInLeft\" data-animationDuration=\"2.0\" data-animationOffset=\"top-into-view\"><h5>Una marca que sigue evolucionando.<\/h5>\n<p>Despu\u00e9s de m\u00e1s de 40 a\u00f1os, Tosty se consolida como una marca l\u00edder de snacks en Costa Rica. Un \u00edcono de diversi\u00f3n que sigue conectando con nuevas generaciones a trav\u00e9s de sabores \u00fanicos, innovaci\u00f3n constante y una relaci\u00f3n cercana con su comunidad. El Lagarto del 2025 es moderno, digital, cercano, listo para seguir jugando.<\/p>\n<\/div><\/div><\/div><div class=\"fusion-layout-column fusion_builder_column fusion-builder-column-11 fusion_builder_column_1_2 1_2 fusion-flex-column\" style=\"--awb-bg-size:cover;--awb-width-large:50%;--awb-margin-top-large:0px;--awb-spacing-right-large:3.84%;--awb-margin-bottom-large:20px;--awb-spacing-left-large:3.84%;--awb-width-medium:50%;--awb-order-medium:0;--awb-spacing-right-medium:3.84%;--awb-spacing-left-medium:3.84%;--awb-width-small:100%;--awb-order-small:0;--awb-spacing-right-small:1.92%;--awb-spacing-left-small:1.92%;\"><div class=\"fusion-column-wrapper fusion-column-has-shadow fusion-flex-justify-content-flex-start fusion-content-layout-column\"><div class=\"fusion-image-element \" style=\"--awb-caption-title-font-family:var(--h2_typography-font-family);--awb-caption-title-font-weight:var(--h2_typography-font-weight);--awb-caption-title-font-style:var(--h2_typography-font-style);--awb-caption-title-size:var(--h2_typography-font-size);--awb-caption-title-transform:var(--h2_typography-text-transform);--awb-caption-title-line-height:var(--h2_typography-line-height);--awb-caption-title-letter-spacing:var(--h2_typography-letter-spacing);\"><span class=\" fusion-imageframe imageframe-none imageframe-5 hover-type-none prodsSecImg fusion-animated\" data-animationType=\"zoomInRight\" data-animationDuration=\"1.0\" data-animationOffset=\"top-into-view\"><img decoding=\"async\" width=\"831\" height=\"984\" title=\"Artboard 4\" src=\"https:\/\/tostydiversion.com\/wp-content\/uploads\/2026\/04\/Artboard-4.png\" alt class=\"img-responsive wp-image-862\" srcset=\"https:\/\/tostydiversion.com\/wp-content\/uploads\/2026\/04\/Artboard-4-200x237.png 200w, https:\/\/tostydiversion.com\/wp-content\/uploads\/2026\/04\/Artboard-4-400x474.png 400w, https:\/\/tostydiversion.com\/wp-content\/uploads\/2026\/04\/Artboard-4-600x710.png 600w, https:\/\/tostydiversion.com\/wp-content\/uploads\/2026\/04\/Artboard-4-800x947.png 800w, https:\/\/tostydiversion.com\/wp-content\/uploads\/2026\/04\/Artboard-4.png 831w\" sizes=\"(max-width: 640px) 100vw, 600px\" \/><\/span><\/div><\/div><\/div><\/div><\/div>\n","protected":false},"excerpt":{"rendered":"","protected":false},"author":1,"featured_media":0,"parent":0,"menu_order":0,"comment_status":"closed","ping_status":"closed","template":"100-width.php","meta":{"footnotes":""},"class_list":["post-16","page","type-page","status-publish","hentry"],"_links":{"self":[{"href":"https:\/\/tostydiversion.com\/wp-json\/wp\/v2\/pages\/16","targetHints":{"allow":["GET"]}}],"collection":[{"href":"https:\/\/tostydiversion.com\/wp-json\/wp\/v2\/pages"}],"about":[{"href":"https:\/\/tostydiversion.com\/wp-json\/wp\/v2\/types\/page"}],"author":[{"embeddable":true,"href":"https:\/\/tostydiversion.com\/wp-json\/wp\/v2\/users\/1"}],"replies":[{"embeddable":true,"href":"https:\/\/tostydiversion.com\/wp-json\/wp\/v2\/comments?post=16"}],"version-history":[{"count":64,"href":"https:\/\/tostydiversion.com\/wp-json\/wp\/v2\/pages\/16\/revisions"}],"predecessor-version":[{"id":865,"href":"https:\/\/tostydiversion.com\/wp-json\/wp\/v2\/pages\/16\/revisions\/865"}],"wp:attachment":[{"href":"https:\/\/tostydiversion.com\/wp-json\/wp\/v2\/media?parent=16"}],"curies":[{"name":"wp","href":"https:\/\/api.w.org\/{rel}","templated":true}]}}